{"id":54010,"date":"2014-10-23T10:26:41","date_gmt":"2014-10-23T10:26:41","guid":{"rendered":"http:\/\/www.undsgn.com\/uncode\/checkout\/"},"modified":"2017-03-03T19:38:00","modified_gmt":"2017-03-03T17:38:00","slug":"konferans-prompter","status":"publish","type":"page","link":"https:\/\/prompterkiralama.com\/index.php\/konferans-prompter\/","title":{"rendered":"Konferans Prompter"},"content":{"rendered":"<div class=\"wpb-content-wrapper\"><p>[vc_row][vc_column width=&#8221;1\/1&#8243;][vc_tabs][vc_tab title=&#8221;Konferans Prompter&#8221; tab_id=&#8221;1488449811-1-57&#8243;][vc_column_text]<\/p>\n<blockquote>\n<p style=\"text-align: center;\">Sunumlar\u0131n\u0131z sizin i\u00e7in nekadar \u00f6nemli ?<br \/>\nKonferaslar\u0131n\u0131zda\u00a0 etkili konu\u015fma sizi her zaman bir ad\u0131m \u00f6ne ta\u015f\u0131r<\/p>\n<\/blockquote>\n<p>[\/vc_column_text][\/vc_tab][vc_tab title=&#8221;Konferans Prompter&#8217;in size katk\u0131lar\u0131&#8230; &#8221; tab_id=&#8221;1488449811-2-6&#8243;][vc_column_text]<\/p>\n<blockquote><p>-Konferans \u00a0Prompter sayesinde seyirciyle olan ileti\u015fiminiz hi\u00e7bir zaman kopmaz.<br \/>\n-Ba\u015f\u0131n\u0131z\u0131n \u00f6ne e\u011fik olmas\u0131n\u0131 engeller<br \/>\n-Dik bir duru\u015f kazan\u0131rs\u0131n\u0131z ve bu sayede hem size hem de dinleyenlere g\u00fcven vermi\u015f olursunuz.<br \/>\n-Ka\u011f\u0131ttan okurken dinleyicilerle ileti\u015fiminiz kopar, ve gereksiz g\u00f6r\u00fcnt\u00fc kirli\u011fi olu\u015fur.<br \/>\n-Konferans \u00a0Prompter sayesinde direk \u015feffaf\u00a0fiber monit\u00f6rden \u00a0okursunuz ve aradaki monit\u00f6r\u00fc \u00a0sizden ba\u015fkas\u0131 fark etmez.<br \/>\n-G\u00f6z\u00fcn\u00fcz dinleyenlerin \u00fczerinde olur ve ba\u015f\u0131n\u0131z dik bir \u015fekilde sunumunuza davam edersiniz.<br \/>\n-Konu\u015fma yetene\u011finiz kariyerinizi \u00f6nemli oranda etkileme g\u00fcc\u00fcne sahiptir.<br \/>\n-Konu\u015fma esnas\u0131nda sahnenin iki yan\u0131na koydu\u011fumuz \u00a0fiber \u015feffaf\u00a0 monit\u00f6rler sayesinde tek bir insana bakma yerine sa\u011fl\u0131 sollu salonun t\u00fcm\u00fcne hitap edersiniz.B\u00f6ylelikle salondaki insanlara g\u00fcven temelli bir ileti\u015fim sa\u011flam\u0131\u015f olursunuz ve izleyicilerin hepsi konu\u015fmaya dahil olmu\u015f olur<br \/>\n-Konferans \u00a0prompter sayesinde heyecan\u0131n\u0131z ortadan kalkar .Keyifli ve etkili bir konu\u015fma yapm\u0131\u015f olursunuz.<br \/>\n-Konu\u015fmada bak\u0131\u015f a\u00e7\u0131m\u0131z dinleyenlerin alg\u0131lamas\u0131n\u0131 en \u00fcst seviyeye \u00e7\u0131kar\u0131r.<br \/>\n-Sizde teknolojinin imkanlar\u0131ndan faydalan\u0131n ve g\u00fc\u00e7l\u00fc sunumlar\u0131n\u0131z i\u00e7in<br \/>\nkonperans prompter kullan\u0131n.<\/p><\/blockquote>\n<p>[\/vc_column_text][\/vc_tab][\/vc_tabs][uncode_slider][\/uncode_slider][vc_gallery el_id=&#8221;gallery-954910&#8243; medias=&#8221;54881,54880,54879,54878,54877,54876,54875,54874&#8243; gutter_size=&#8221;3&#8243; screen_lg=&#8221;1000&#8243; screen_md=&#8221;600&#8243; screen_sm=&#8221;480&#8243; images_size=&#8221;sixteen-nine&#8221; single_overlay_opacity=&#8221;50&#8243; single_padding=&#8221;2&#8243; lbox_title=&#8221;yes&#8221; lbox_caption=&#8221;yes&#8221;][\/vc_column][\/vc_row]<\/p>\n<\/div>","protected":false},"excerpt":{"rendered":"<p>[vc_row][vc_column width=&#8221;1\/1&#8243;][vc_tabs][vc_tab title=&#8221;Konferans Prompter&#8221; tab_id=&#8221;1488449811-1-57&#8243;][vc_column_text] Sunumlar\u0131n\u0131z sizin i\u00e7in nekadar \u00f6nemli ? Konferaslar\u0131n\u0131zda\u00a0 etkili konu\u015fma sizi her zaman bir ad\u0131m \u00f6ne [&hellip;]<\/p>\n","protected":false},"author":1,"featured_media":0,"parent":0,"menu_order":0,"comment_status":"closed","ping_status":"open","template":"","meta":{"footnotes":""},"class_list":["post-54010","page","type-page","status-publish","hentry","page_category-classic"],"_links":{"self":[{"href":"https:\/\/prompterkiralama.com\/index.php\/wp-json\/wp\/v2\/pages\/54010","targetHints":{"allow":["GET"]}}],"collection":[{"href":"https:\/\/prompterkiralama.com\/index.php\/wp-json\/wp\/v2\/pages"}],"about":[{"href":"https:\/\/prompterkiralama.com\/index.php\/wp-json\/wp\/v2\/types\/page"}],"author":[{"embeddable":true,"href":"https:\/\/prompterkiralama.com\/index.php\/wp-json\/wp\/v2\/users\/1"}],"replies":[{"embeddable":true,"href":"https:\/\/prompterkiralama.com\/index.php\/wp-json\/wp\/v2\/comments?post=54010"}],"version-history":[{"count":33,"href":"https:\/\/prompterkiralama.com\/index.php\/wp-json\/wp\/v2\/pages\/54010\/revisions"}],"predecessor-version":[{"id":55001,"href":"https:\/\/prompterkiralama.com\/index.php\/wp-json\/wp\/v2\/pages\/54010\/revisions\/55001"}],"wp:attachment":[{"href":"https:\/\/prompterkiralama.com\/index.php\/wp-json\/wp\/v2\/media?parent=54010"}],"curies":[{"name":"wp","href":"https:\/\/api.w.org\/{rel}","templated":true}]}}