{"id":4816,"date":"2014-12-30T11:07:04","date_gmt":"2014-12-30T10:07:04","guid":{"rendered":"http:\/\/www.undsgn.com\/uncode\/?page_id=4816"},"modified":"2019-04-22T22:41:54","modified_gmt":"2019-04-22T19:41:54","slug":"home-3","status":"publish","type":"page","link":"https:\/\/prompterkiralama.com\/","title":{"rendered":"Anasayfa"},"content":{"rendered":"<div class=\"wpb-content-wrapper\"><p>[vc_row][vc_column width=&#8221;1\/1&#8243;][vc_column_text css_animation=&#8221;zoom-in&#8221;]<\/p>\n<p style=\"text-align: center;\"><img decoding=\"async\" class=\"size-full wp-image-54762 aligncenter\" src=\"http:\/\/prompterkiralama.com\/wp-content\/uploads\/2014\/12\/Kamera_prompterkiralama.jpg\" alt=\"\" width=\"277\" height=\"222\" \/><b>Her t\u00fcrl\u00fc Akt\u00fcel Kamera ve Profesyonel Foto\u011fraf makinalar\u0131 i\u00e7in uyumludur.<\/b><br \/>\n&#8221;<strong>Prompter Kiralama<\/strong>&#8221; \u015fimdiye kadar sekt\u00f6r\u00fcn \u00f6nde gelen ve en \u00e7ok aranan prompter \u00a0\u015firketi aras\u0131na yerle\u015ftiren de\u011ferli m\u00fc\u015fterileriyle hi\u00e7bir \u00e7at\u0131\u015fmaya d\u00fc\u015fmeden t\u00fcm i\u015fleri ba\u015far\u0131yla zaman\u0131nda yerine getirmi\u015ftir..<\/p>\n<p>[\/vc_column_text][vc_gallery el_id=&#8221;gallery-107812&#8243; type=&#8221;carousel&#8221; medias=&#8221;54878,54874,54881,54873,54877,54872&#8243; carousel_lg=&#8221;3&#8243; carousel_md=&#8221;3&#8243; carousel_sm=&#8221;1&#8243; thumb_size=&#8221;sixteen-nine&#8221; gutter_size=&#8221;3&#8243; carousel_v_align=&#8221;middle&#8221; carousel_interval=&#8221;3000&#8243; carousel_navspeed=&#8221;400&#8243; carousel_loop=&#8221;yes&#8221; carousel_dots=&#8221;yes&#8221; carousel_dots_mobile=&#8221;yes&#8221; single_overlay_opacity=&#8221;50&#8243; single_padding=&#8221;2&#8243; lbox_title=&#8221;yes&#8221;items=&#8221;eyI1NDg3N19pIjp7InNpbmdsZV9saW5rIjoiIn0sIjU0ODc4X2kiOnsic2luZ2xlX2xpbmsiOiIifSwiNTQ4NzRfaSI6eyJzaW5nbGVfbGluayI6IiJ9LCI1NDg4MV9pIjp7InNpbmdsZV9saW5rIjoiIn0sIjU0ODczX2kiOnsic2luZ2xlX2xpbmsiOiIifSwiNTQ4NzJfaSI6eyJzaW5nbGVfbGluayI6IiJ9fQ==&#8221; title=&#8221;Slayt&#8221;][uncode_slider][\/uncode_slider][\/vc_column][\/vc_row][vc_row][vc_column width=&#8221;1\/1&#8243;][vc_accordion][vc_accordion_tab title=&#8221;\u00c7al\u0131\u015ft\u0131\u011f\u0131m\u0131z \u015eirketler&#8221;][vc_gallery el_id=&#8221;gallery-380269&#8243; type=&#8221;carousel&#8221; medias=&#8221;54910,54911,54912,54914,54915,54916,54917,54918,54919,54920,54921,54922,54923,54924,54925,54926,54927,54928&#8243; carousel_lg=&#8221;3&#8243; carousel_md=&#8221;3&#8243; carousel_sm=&#8221;1&#8243; thumb_size=&#8221;one-one&#8221; gutter_size=&#8221;3&#8243; carousel_interval=&#8221;3000&#8243; carousel_navspeed=&#8221;400&#8243; single_overlay_opacity=&#8221;50&#8243; single_padding=&#8221;2&#8243; lbox_caption=&#8221;yes&#8221; lbox_no_tmb=&#8221;yes&#8221; no_double_tap=&#8221;yes&#8221; items=&#8221;eyI1NDkxMF9pIjp7InNpbmdsZV9saW5rIjoiIn0sIjU0OTExX2kiOnsic2luZ2xlX2xpbmsiOiIifSwiNTQ5MTJfaSI6eyJzaW5nbGVfbGluayI6IiJ9LCI1NDkxNF9pIjp7InNpbmdsZV9saW5rIjoiIn0sIjU0OTE1X2kiOnsic2luZ2xlX2xpbmsiOiIifSwiNTQ5MTZfaSI6eyJzaW5nbGVfbGluayI6IiJ9LCI1NDkxN19pIjp7InNpbmdsZV9saW5rIjoiIn0sIjU0OTE4X2kiOnsic2luZ2xlX2xpbmsiOiIifSwiNTQ5MTlfaSI6eyJzaW5nbGVfbGluayI6IiJ9LCI1NDkyMF9pIjp7InNpbmdsZV9saW5rIjoiIn0sIjU0OTIxX2kiOnsic2luZ2xlX2xpbmsiOiIifSwiNTQ5MjJfaSI6eyJzaW5nbGVfbGluayI6IiJ9LCI1NDkyM19pIjp7InNpbmdsZV9saW5rIjoiIn0sIjU0OTI0X2kiOnsic2luZ2xlX2xpbmsiOiIifSwiNTQ5MjVfaSI6eyJzaW5nbGVfbGluayI6IiJ9LCI1NDkyNl9pIjp7InNpbmdsZV9saW5rIjoiIn0sIjU0OTI3X2kiOnsic2luZ2xlX2xpbmsiOiIifSwiNTQ5MjhfaSI6eyJzaW5nbGVfbGluayI6IiJ9LCI1NDkzMV9pIjp7InNpbmdsZV9saW5rIjoiIn19&#8243;][\/vc_accordion_tab][vc_accordion_tab title=&#8221;\u00c7al\u0131\u015ft\u0131\u011f\u0131m\u0131z Tv Programlar\u0131&#8221;][vc_gallery el_id=&#8221;gallery-187513&#8243; type=&#8221;carousel&#8221; medias=&#8221;54889,54890,54891,54892,54893,54894,54895,54896,54897,54898,54899,54900,54901,54902,54903,54904,54905,54906,54907,54908&#8243; carousel_lg=&#8221;3&#8243; carousel_md=&#8221;3&#8243; carousel_sm=&#8221;1&#8243; thumb_size=&#8221;sixteen-nine&#8221; gutter_size=&#8221;3&#8243; carousel_interval=&#8221;3000&#8243; carousel_navspeed=&#8221;400&#8243; carousel_dots=&#8221;yes&#8221; carousel_dots_mobile=&#8221;yes&#8221; single_overlay_opacity=&#8221;50&#8243; single_padding=&#8221;2&#8243; lbox_title=&#8221;yes&#8221;][\/vc_accordion_tab][\/vc_accordion][\/vc_column][\/vc_row]<\/p>\n<\/div>","protected":false},"excerpt":{"rendered":"<p>Uncode is a pixel perfect creative multiuse WordPress Theme designed with terrific attention to details. With exclusive features Uncode empower designers to create stunning contemporary WordPress websites without touch a single line of code.<\/p>\n","protected":false},"author":1,"featured_media":49179,"parent":0,"menu_order":0,"comment_status":"closed","ping_status":"closed","template":"","meta":{"footnotes":""},"class_list":["post-4816","page","type-page","status-publish","has-post-thumbnail","hentry","page_category-creative"],"_links":{"self":[{"href":"https:\/\/prompterkiralama.com\/index.php\/wp-json\/wp\/v2\/pages\/4816","targetHints":{"allow":["GET"]}}],"collection":[{"href":"https:\/\/prompterkiralama.com\/index.php\/wp-json\/wp\/v2\/pages"}],"about":[{"href":"https:\/\/prompterkiralama.com\/index.php\/wp-json\/wp\/v2\/types\/page"}],"author":[{"embeddable":true,"href":"https:\/\/prompterkiralama.com\/index.php\/wp-json\/wp\/v2\/users\/1"}],"replies":[{"embeddable":true,"href":"https:\/\/prompterkiralama.com\/index.php\/wp-json\/wp\/v2\/comments?post=4816"}],"version-history":[{"count":100,"href":"https:\/\/prompterkiralama.com\/index.php\/wp-json\/wp\/v2\/pages\/4816\/revisions"}],"predecessor-version":[{"id":55076,"href":"https:\/\/prompterkiralama.com\/index.php\/wp-json\/wp\/v2\/pages\/4816\/revisions\/55076"}],"wp:featuredmedia":[{"embeddable":true,"href":"https:\/\/prompterkiralama.com\/index.php\/wp-json\/wp\/v2\/media\/49179"}],"wp:attachment":[{"href":"https:\/\/prompterkiralama.com\/index.php\/wp-json\/wp\/v2\/media?parent=4816"}],"curies":[{"name":"wp","href":"https:\/\/api.w.org\/{rel}","templated":true}]}}