{"id":33624,"date":"2015-08-26T16:27:49","date_gmt":"2015-08-26T14:27:49","guid":{"rendered":"http:\/\/www.undsgn.com\/uncode\/?page_id=33624"},"modified":"2017-03-16T21:42:41","modified_gmt":"2017-03-16T19:42:41","slug":"referanslarimiz","status":"publish","type":"page","link":"https:\/\/prompterkiralama.com\/index.php\/referanslarimiz\/","title":{"rendered":"Referanslar\u0131m\u0131z"},"content":{"rendered":"<div class=\"wpb-content-wrapper\"><p>[vc_row][vc_column width=&#8221;1\/1&#8243;][vc_accordion][vc_accordion_tab title=&#8221;\u00c7al\u0131\u015ft\u0131\u011f\u0131m\u0131z Reklamlardan baz\u0131lar\u0131&#8221;][vc_gallery el_id=&#8221;gallery-201972&#8243; medias=&#8221;54955,54956,54957,54958,54959,54961,54960,54962,54963,54964,55002,55008,55010&#8243; gutter_size=&#8221;3&#8243; carousel_height=&#8221;equal&#8221; screen_lg=&#8221;1000&#8243; screen_md=&#8221;600&#8243; screen_sm=&#8221;480&#8243; images_size=&#8221;three-four&#8221; single_overlay_opacity=&#8221;50&#8243; single_padding=&#8221;2&#8243; lbox_title=&#8221;yes&#8221; lbox_caption=&#8221;yes&#8221; lbox_deep=&#8221;yes&#8221; items=&#8221;eyI1NDk1NV9pIjp7InNpbmdsZV9saW5rIjoiIn0sIjU0OTU2X2kiOnsic2luZ2xlX2xpbmsiOiIifSwiNTQ5NTdfaSI6eyJzaW5nbGVfbGluayI6IiJ9LCI1NDk1OF9pIjp7InNpbmdsZV9saW5rIjoiIn0sIjU0OTU5X2kiOnsic2luZ2xlX2xpbmsiOiIifSwiNTQ5NjFfaSI6eyJzaW5nbGVfbGluayI6IiJ9LCI1NDk2MF9pIjp7InNpbmdsZV9saW5rIjoiIn0sIjU0OTYyX2kiOnsic2luZ2xlX2xpbmsiOiIifSwiNTQ5NjNfaSI6eyJzaW5nbGVfbGluayI6IiJ9LCI1NDk2NF9pIjp7InNpbmdsZV9saW5rIjoiIn19&#8243;][\/vc_accordion_tab][vc_accordion_tab title=&#8221;\u00c7al\u0131\u015ft\u0131\u011f\u0131m\u0131z \u015eirketler&#8221;][vc_column_text]G\u00dcNCELLEN\u0130YORUZ&#8230;[\/vc_column_text][\/vc_accordion_tab][\/vc_accordion][\/vc_column][\/vc_row]<\/p>\n<\/div>","protected":false},"excerpt":{"rendered":"<p>[vc_row][vc_column width=&#8221;1\/1&#8243;][vc_accordion][vc_accordion_tab title=&#8221;\u00c7al\u0131\u015ft\u0131\u011f\u0131m\u0131z Reklamlardan baz\u0131lar\u0131&#8221;][vc_gallery el_id=&#8221;gallery-201972&#8243; medias=&#8221;54955,54956,54957,54958,54959,54961,54960,54962,54963,54964,55002,55008,55010&#8243; gutter_size=&#8221;3&#8243; carousel_height=&#8221;equal&#8221; screen_lg=&#8221;1000&#8243; screen_md=&#8221;600&#8243; screen_sm=&#8221;480&#8243; images_size=&#8221;three-four&#8221; single_overlay_opacity=&#8221;50&#8243; single_padding=&#8221;2&#8243; lbox_title=&#8221;yes&#8221; lbox_caption=&#8221;yes&#8221; lbox_deep=&#8221;yes&#8221; items=&#8221;eyI1NDk1NV9pIjp7InNpbmdsZV9saW5rIjoiIn0sIjU0OTU2X2kiOnsic2luZ2xlX2xpbmsiOiIifSwiNTQ5NTdfaSI6eyJzaW5nbGVfbGluayI6IiJ9LCI1NDk1OF9pIjp7InNpbmdsZV9saW5rIjoiIn0sIjU0OTU5X2kiOnsic2luZ2xlX2xpbmsiOiIifSwiNTQ5NjFfaSI6eyJzaW5nbGVfbGluayI6IiJ9LCI1NDk2MF9pIjp7InNpbmdsZV9saW5rIjoiIn0sIjU0OTYyX2kiOnsic2luZ2xlX2xpbmsiOiIifSwiNTQ5NjNfaSI6eyJzaW5nbGVfbGluayI6IiJ9LCI1NDk2NF9pIjp7InNpbmdsZV9saW5rIjoiIn19&#8243;][\/vc_accordion_tab][vc_accordion_tab title=&#8221;\u00c7al\u0131\u015ft\u0131\u011f\u0131m\u0131z [&hellip;]<\/p>\n","protected":false},"author":1,"featured_media":0,"parent":0,"menu_order":0,"comment_status":"closed","ping_status":"closed","template":"","meta":{"footnotes":""},"class_list":["post-33624","page","type-page","status-publish","hentry"],"_links":{"self":[{"href":"https:\/\/prompterkiralama.com\/index.php\/wp-json\/wp\/v2\/pages\/33624","targetHints":{"allow":["GET"]}}],"collection":[{"href":"https:\/\/prompterkiralama.com\/index.php\/wp-json\/wp\/v2\/pages"}],"about":[{"href":"https:\/\/prompterkiralama.com\/index.php\/wp-json\/wp\/v2\/types\/page"}],"author":[{"embeddable":true,"href":"https:\/\/prompterkiralama.com\/index.php\/wp-json\/wp\/v2\/users\/1"}],"replies":[{"embeddable":true,"href":"https:\/\/prompterkiralama.com\/index.php\/wp-json\/wp\/v2\/comments?post=33624"}],"version-history":[{"count":25,"href":"https:\/\/prompterkiralama.com\/index.php\/wp-json\/wp\/v2\/pages\/33624\/revisions"}],"predecessor-version":[{"id":55012,"href":"https:\/\/prompterkiralama.com\/index.php\/wp-json\/wp\/v2\/pages\/33624\/revisions\/55012"}],"wp:attachment":[{"href":"https:\/\/prompterkiralama.com\/index.php\/wp-json\/wp\/v2\/media?parent=33624"}],"curies":[{"name":"wp","href":"https:\/\/api.w.org\/{rel}","templated":true}]}}