{"id":27600,"date":"2015-07-17T09:53:33","date_gmt":"2015-07-17T07:53:33","guid":{"rendered":"http:\/\/www.undsgn.com\/uncode\/?page_id=27600"},"modified":"2022-03-10T14:19:55","modified_gmt":"2022-03-10T11:19:55","slug":"prompter-kiralama-istanbul","status":"publish","type":"page","link":"https:\/\/prompterkiralama.com\/index.php\/prompter-kiralama-istanbul\/","title":{"rendered":"\u0130leti\u015fim"},"content":{"rendered":"<div class=\"wpb-content-wrapper\"><ul>\n<li><!--more-->[vc_row][vc_column width=&#8221;1\/1&#8243;][vc_column_text css_animation=&#8221;bottom-t-top&#8221;]<\/li>\n<\/ul>\n<p style=\"text-align: center;\"><strong><img decoding=\"async\" class=\"size-medium wp-image-54756 aligncenter\" src=\"http:\/\/prompterkiralama.com\/wp-content\/uploads\/2014\/10\/images-11-300x110.jpg\" alt=\"\" width=\"300\" height=\"110\" srcset=\"https:\/\/prompterkiralama.com\/wp-content\/uploads\/2014\/10\/images-11-300x110.jpg 300w, https:\/\/prompterkiralama.com\/wp-content\/uploads\/2014\/10\/images-11.jpg 633w\" sizes=\"(max-width: 300px) 100vw, 300px\" \/>Prompter Kiralama Hizmetleri<\/strong><\/p>\n<p style=\"text-align: center;\"><strong>Gsm :0544 643 79 13<\/strong><\/p>\n<p style=\"text-align: center;\"><strong>0543 652 34 52<\/strong><\/p>\n<p style=\"text-align: center;\"><strong>Mail<\/strong>: \u00a0<strong>sunucu@prompterkiralama.com<\/strong><\/p>\n<h6 class=\"p1\" style=\"text-align: center;\"><span class=\"font-175345 font-156269\"><strong><span class=\"font-377884\">Adres:Zeytinlik Mah. Faz\u0131lpa\u015fa Sok. No: 1 K.3 D.7 Burak i\u015f Merkezi. \u00a0Bak\u0131rk\u00f6y\/ \u0130STANBUL \/ T\u00dcRK\u0130YE<\/span><\/strong><\/span><\/h6>\n<p>&nbsp;<\/p>\n<p>[\/vc_column_text][\/vc_column][\/vc_row]<\/p>\n<\/div>","protected":false},"excerpt":{"rendered":"[vc_row][vc_column width=\"1\/1\"][vc_column_text css_animation=\"bottom-t-top\"] Prompter Kiralama Hizmetleri Gsm :0544 643 79 13 0543 652 34 52 Mail: \u00a0sunucu@prompterkiralama.com Adres:Zeytinlik Mah. Faz\u0131lpa\u015fa [...]","protected":false},"author":1,"featured_media":0,"parent":0,"menu_order":0,"comment_status":"open","ping_status":"open","template":"","meta":{"footnotes":""},"class_list":["post-27600","page","type-page","status-publish","hentry"],"_links":{"self":[{"href":"https:\/\/prompterkiralama.com\/index.php\/wp-json\/wp\/v2\/pages\/27600","targetHints":{"allow":["GET"]}}],"collection":[{"href":"https:\/\/prompterkiralama.com\/index.php\/wp-json\/wp\/v2\/pages"}],"about":[{"href":"https:\/\/prompterkiralama.com\/index.php\/wp-json\/wp\/v2\/types\/page"}],"author":[{"embeddable":true,"href":"https:\/\/prompterkiralama.com\/index.php\/wp-json\/wp\/v2\/users\/1"}],"replies":[{"embeddable":true,"href":"https:\/\/prompterkiralama.com\/index.php\/wp-json\/wp\/v2\/comments?post=27600"}],"version-history":[{"count":15,"href":"https:\/\/prompterkiralama.com\/index.php\/wp-json\/wp\/v2\/pages\/27600\/revisions"}],"predecessor-version":[{"id":55084,"href":"https:\/\/prompterkiralama.com\/index.php\/wp-json\/wp\/v2\/pages\/27600\/revisions\/55084"}],"wp:attachment":[{"href":"https:\/\/prompterkiralama.com\/index.php\/wp-json\/wp\/v2\/media?parent=27600"}],"curies":[{"name":"wp","href":"https:\/\/api.w.org\/{rel}","templated":true}]}}